{"id":1012,"date":"2023-01-13T12:13:20","date_gmt":"2023-01-13T12:13:20","guid":{"rendered":"https:\/\/advantaseeds.es\/quem-somos\/"},"modified":"2025-05-29T05:06:40","modified_gmt":"2025-05-29T05:06:40","slug":"quem-somos","status":"publish","type":"page","link":"https:\/\/advantaseeds.es\/pt\/quem-somos\/","title":{"rendered":"Quem somos"},"content":{"rendered":"\n<h2 class=\"wp-block-heading\"><strong>Advanta\u00ae, a marca<\/strong><\/h2>\n\n<p>A personalidade da marca Advanta\u00ae \u00e9 fortemente marcada pela proximidade humana e pelo know-how tecnol\u00f3gico. Uma equipa experiente que se esfor\u00e7a constantemente por ter em conta a evolu\u00e7\u00e3o das quest\u00f5es agr\u00edcolas para fornecer solu\u00e7\u00f5es adaptadas \u00e0s necessidades dos seus clientes. Uma equipe que constr\u00f3i um relacionamento de longo prazo com os agricultores baseado na confian\u00e7a m\u00fatua.<\/p>\n\n<h2 class=\"wp-block-heading\"><strong>Advanta<\/strong>\u00ae, <strong>no campo com voc\u00ea<\/strong><\/h2>\n\n<p>Composta por 70 variedades na Europa, a gama Advanta\u00ae de milho e gr\u00e3os para silagem responde \u00e0s necessidades dos diferentes mercados e zonas produtoras de milho na Europa. Cada h\u00edbrido da marca \u00e9 qualificado de acordo com o setor animal e agroindustrial e as exig\u00eancias clim\u00e1ticas das diferentes \u00e1reas de produ\u00e7\u00e3o.<\/p>\n\n<h2 class=\"wp-block-heading\"><strong><strong>Advanta\u00ae, marca distribu\u00edda pelo Grupo Limagrain<\/strong><\/strong><\/h2>\n\n<p>Advanta\u00ae \u00e9 uma marca distribu\u00edda pela Limagrain desde 2005. \u00c9 apoiada pela pesquisa de milho mais completa da Europa, a do Grupo Limagrain (4\u00aa empresa mundial de sementes). Gra\u00e7as ao trabalho dos seus investigadores e t\u00e9cnicos, ao conhecimento do mercado e ao controlo dos processos industriais, a Advanta\u00ae oferece uma vasta gama de sementes de elevada qualidade que v\u00e3o ao encontro das exig\u00eancias dos seus clientes.<\/p>\n\n<h2 class=\"wp-block-heading\">Os valores do Grupo Limagrain<\/h2>\n\n<div class=\"wp-block-group has-global-padding is-layout-constrained wp-block-group-is-layout-constrained\">\n<div class=\"wp-block-columns is-layout-flex wp-container-core-columns-is-layout-28f84493 wp-block-columns-is-layout-flex\">\n<div class=\"wp-block-column is-style-shadow has-light-background-background-color has-background is-layout-flow wp-block-column-is-layout-flow\" style=\"border-style:none;border-width:0px;padding-top:30px;padding-right:30px;padding-bottom:30px;padding-left:30px\">\n<figure class=\"wp-block-image size-full has-custom-border\"><img loading=\"lazy\" decoding=\"async\" width=\"500\" height=\"500\" src=\"http:\/\/advantaseeds.es\/wp-content\/uploads\/2023\/01\/1.png\" alt=\"\" class=\"wp-image-612\" style=\"border-radius:15px\" srcset=\"https:\/\/advantaseeds.es\/wp-content\/uploads\/2023\/01\/1.png 500w, https:\/\/advantaseeds.es\/wp-content\/uploads\/2023\/01\/1-300x300.png 300w, https:\/\/advantaseeds.es\/wp-content\/uploads\/2023\/01\/1-150x150.png 150w\" sizes=\"auto, (max-width: 500px) 100vw, 500px\" \/><\/figure>\n\n\n\n<h2 class=\"wp-block-heading has-small-font-size\">Seja uma empresa voltada para o cliente<\/h2>\n<\/div>\n\n\n\n<div class=\"wp-block-column is-style-shadow has-light-background-background-color has-background is-layout-flow wp-block-column-is-layout-flow\" style=\"border-style:none;border-width:0px;padding-top:30px;padding-right:30px;padding-bottom:30px;padding-left:30px\">\n<figure class=\"wp-block-image size-full has-custom-border\"><img loading=\"lazy\" decoding=\"async\" width=\"500\" height=\"500\" src=\"http:\/\/advantaseeds.es\/wp-content\/uploads\/2023\/01\/5.png\" alt=\"\" class=\"wp-image-616\" style=\"border-radius:15px\" srcset=\"https:\/\/advantaseeds.es\/wp-content\/uploads\/2023\/01\/5.png 500w, https:\/\/advantaseeds.es\/wp-content\/uploads\/2023\/01\/5-300x300.png 300w, https:\/\/advantaseeds.es\/wp-content\/uploads\/2023\/01\/5-150x150.png 150w\" sizes=\"auto, (max-width: 500px) 100vw, 500px\" \/><\/figure>\n\n\n\n<h2 class=\"wp-block-heading has-small-font-size\">Estabelecer nossa lideran\u00e7a como uma empresa comprometida<\/h2>\n<\/div>\n\n\n\n<div class=\"wp-block-column is-style-shadow has-light-background-background-color has-background is-layout-flow wp-block-column-is-layout-flow\" style=\"border-style:none;border-width:0px;padding-top:30px;padding-right:30px;padding-bottom:30px;padding-left:30px\">\n<figure class=\"wp-block-image size-full has-custom-border\"><img loading=\"lazy\" decoding=\"async\" width=\"500\" height=\"500\" src=\"http:\/\/advantaseeds.es\/wp-content\/uploads\/2023\/01\/2.png\" alt=\"\" class=\"wp-image-613\" style=\"border-radius:15px\" srcset=\"https:\/\/advantaseeds.es\/wp-content\/uploads\/2023\/01\/2.png 500w, https:\/\/advantaseeds.es\/wp-content\/uploads\/2023\/01\/2-300x300.png 300w, https:\/\/advantaseeds.es\/wp-content\/uploads\/2023\/01\/2-150x150.png 150w\" sizes=\"auto, (max-width: 500px) 100vw, 500px\" \/><\/figure>\n\n\n\n<h2 class=\"wp-block-heading has-small-font-size\">Colocar o ser humano no centro da nossa estrat\u00e9gia<\/h2>\n<\/div>\n\n\n\n<div class=\"wp-block-column is-style-shadow has-light-background-background-color has-background is-layout-flow wp-block-column-is-layout-flow\" style=\"border-style:none;border-width:0px;padding-top:30px;padding-right:30px;padding-bottom:30px;padding-left:30px\">\n<figure class=\"wp-block-image size-full has-custom-border\"><img loading=\"lazy\" decoding=\"async\" width=\"500\" height=\"500\" src=\"http:\/\/advantaseeds.es\/wp-content\/uploads\/2023\/01\/4.png\" alt=\"\" class=\"wp-image-615\" style=\"border-radius:15px\" srcset=\"https:\/\/advantaseeds.es\/wp-content\/uploads\/2023\/01\/4.png 500w, https:\/\/advantaseeds.es\/wp-content\/uploads\/2023\/01\/4-300x300.png 300w, https:\/\/advantaseeds.es\/wp-content\/uploads\/2023\/01\/4-150x150.png 150w\" sizes=\"auto, (max-width: 500px) 100vw, 500px\" \/><\/figure>\n\n\n\n<h2 class=\"wp-block-heading has-small-font-size\">Agir como uma empresa respons\u00e1vel<\/h2>\n<\/div>\n\n\n\n<div class=\"wp-block-column is-style-shadow has-light-background-background-color has-background is-layout-flow wp-block-column-is-layout-flow\" style=\"border-style:none;border-width:0px;padding-top:30px;padding-right:30px;padding-bottom:30px;padding-left:30px\">\n<figure class=\"wp-block-image size-full has-custom-border\"><img loading=\"lazy\" decoding=\"async\" width=\"500\" height=\"500\" src=\"http:\/\/advantaseeds.es\/wp-content\/uploads\/2023\/01\/3.png\" alt=\"\" class=\"wp-image-614\" style=\"border-radius:15px\" srcset=\"https:\/\/advantaseeds.es\/wp-content\/uploads\/2023\/01\/3.png 500w, https:\/\/advantaseeds.es\/wp-content\/uploads\/2023\/01\/3-300x300.png 300w, https:\/\/advantaseeds.es\/wp-content\/uploads\/2023\/01\/3-150x150.png 150w\" sizes=\"auto, (max-width: 500px) 100vw, 500px\" \/><\/figure>\n\n\n\n<h2 class=\"wp-block-heading has-small-font-size\">Esfor\u00e7ar-se para fornecer continuamente solu\u00e7\u00f5es inovadoras<\/h2>\n<\/div>\n<\/div>\n<\/div>\n","protected":false},"excerpt":{"rendered":"<p>Advanta\u00ae, a marca A personalidade da marca Advanta\u00ae \u00e9 fortemente marcada pela proximidade humana e pelo know-how tecnol\u00f3gico. Uma equipa experiente que se esfor\u00e7a constantemente por ter em conta a evolu\u00e7\u00e3o das quest\u00f5es agr\u00edcolas para fornecer solu\u00e7\u00f5es adaptadas \u00e0s necessidades dos seus clientes. Uma equipe que constr\u00f3i um relacionamento de longo prazo com os agricultores [&hellip;]<\/p>\n","protected":false},"author":1,"featured_media":1107,"parent":0,"menu_order":0,"comment_status":"closed","ping_status":"closed","template":"wp-custom-template-p-ginas-pt","meta":{"footnotes":""},"class_list":["post-1012","page","type-page","status-publish","has-post-thumbnail","hentry"],"_links":{"self":[{"href":"https:\/\/advantaseeds.es\/pt\/wp-json\/wp\/v2\/pages\/1012","targetHints":{"allow":["GET"]}}],"collection":[{"href":"https:\/\/advantaseeds.es\/pt\/wp-json\/wp\/v2\/pages"}],"about":[{"href":"https:\/\/advantaseeds.es\/pt\/wp-json\/wp\/v2\/types\/page"}],"author":[{"embeddable":true,"href":"https:\/\/advantaseeds.es\/pt\/wp-json\/wp\/v2\/users\/1"}],"replies":[{"embeddable":true,"href":"https:\/\/advantaseeds.es\/pt\/wp-json\/wp\/v2\/comments?post=1012"}],"version-history":[{"count":1,"href":"https:\/\/advantaseeds.es\/pt\/wp-json\/wp\/v2\/pages\/1012\/revisions"}],"predecessor-version":[{"id":1013,"href":"https:\/\/advantaseeds.es\/pt\/wp-json\/wp\/v2\/pages\/1012\/revisions\/1013"}],"wp:featuredmedia":[{"embeddable":true,"href":"https:\/\/advantaseeds.es\/pt\/wp-json\/wp\/v2\/media\/1107"}],"wp:attachment":[{"href":"https:\/\/advantaseeds.es\/pt\/wp-json\/wp\/v2\/media?parent=1012"}],"curies":[{"name":"wp","href":"https:\/\/api.w.org\/{rel}","templated":true}]}}