{"id":1014,"date":"2023-01-13T08:14:46","date_gmt":"2023-01-13T08:14:46","guid":{"rendered":"https:\/\/advantaseeds.es\/aviso-legal\/"},"modified":"2025-05-29T05:03:40","modified_gmt":"2025-05-29T05:03:40","slug":"aviso-legal","status":"publish","type":"page","link":"https:\/\/advantaseeds.es\/pt\/aviso-legal\/","title":{"rendered":"Aviso legal"},"content":{"rendered":"\n<p><strong>Nome da empresa:<\/strong> <\/p>\n\n<p>LIMAGRAIN IBERICA S.A. <\/p>\n\n<p><strong>Endere\u00e7o:<\/strong> <\/p>\n\n<p>LIMAGRAIN IBERICA S.A. <\/p>\n\n<p>Ctra. Pamplona-Huesca km12, 31470 ELORZ (NAVARRA) <\/p>\n\n<p>N\u00famero de telefone: +34 948 36 82 99 <\/p>\n\n<p>e-mail: info@limagrain-iberica.es <\/p>\n\n<p><strong>Introdu\u00e7\u00e3o<\/strong> <\/p>\n\n<p>Estas condi\u00e7\u00f5es gerais de utiliza\u00e7\u00e3o do site regulam os termos e condi\u00e7\u00f5es de acesso e utiliza\u00e7\u00e3o do site www.advantaseeds.es, propriedade da Limagrain Ib\u00e9rica, S.A, com sede em Carretera Pamplona-Huesca, Km. 12, 31470 Elorz (Navarra), inscrita no Registo Mercantil de Navarra, Folha NA-8269, Tomo 320, F\u00f3lio 210 e C\u00f3digo de Identifica\u00e7\u00e3o Fiscal A310651 96, doravante designada por \u201ca empresa\u201d, que o utilizador do Portal dever\u00e1 ler e aceitar para poder utilizar todos os servi\u00e7os e informa\u00e7\u00f5es disponibilizados no portal. O simples acesso e\/ou utiliza\u00e7\u00e3o do portal, de todo ou parte dos seus conte\u00fados e\/ou servi\u00e7os, implica a aceita\u00e7\u00e3o integral das presentes condi\u00e7\u00f5es gerais de utiliza\u00e7\u00e3o. <\/p>\n\n<p><strong>Termos de Utiliza\u00e7\u00e3o<\/strong> <\/p>\n\n<p>Os presentes termos gerais de utiliza\u00e7\u00e3o regem o acesso e a utiliza\u00e7\u00e3o do portal, incluindo os conte\u00fados e servi\u00e7os disponibilizados aos utilizadores no e\/ou atrav\u00e9s do portal, seja atrav\u00e9s do portal, dos seus utilizadores ou de terceiros. No entanto, o acesso e a utiliza\u00e7\u00e3o de determinados conte\u00fados e\/ou servi\u00e7os podem estar sujeitos a condi\u00e7\u00f5es espec\u00edficas. <\/p>\n\n<p><strong>Modifica\u00e7\u00f5es<\/strong> <\/p>\n\n<p>A empresa reserva-se o direito de modificar as condi\u00e7\u00f5es gerais de utiliza\u00e7\u00e3o do portal a qualquer momento. Em qualquer caso, recomendamos que reveja periodicamente estes termos de utiliza\u00e7\u00e3o do portal, uma vez que podem sofrer modifica\u00e7\u00f5es. <\/p>\n\n<p><strong>Obriga\u00e7\u00f5es do Utilizador<\/strong> <\/p>\n\n<p>O utilizador dever\u00e1 cumprir, a todo o momento, os termos e condi\u00e7\u00f5es estabelecidos nas presentes condi\u00e7\u00f5es gerais de utiliza\u00e7\u00e3o do portal. O utilizador declara expressamente que utilizar\u00e1 o portal de forma diligente e assume qualquer responsabilidade que possa advir do incumprimento das normas. <\/p>\n\n<p><strong>Responsabilidades<\/strong> <\/p>\n\n<p>O utilizador reconhece e aceita que o portal n\u00e3o oferece qualquer tipo de garantia, expressa ou impl\u00edcita, relativamente aos dados, conte\u00fados, informa\u00e7\u00f5es e servi\u00e7os incorporados e oferecidos atrav\u00e9s do portal. <\/p>\n\n<p>Exceto nos casos em que a lei imponha expressamente o contr\u00e1rio, e exclusivamente na medida e \u00e2mbito necess\u00e1rios, o portal n\u00e3o garante nem assume qualquer responsabilidade por quaisquer danos causados \u200b\u200bpela utiliza\u00e7\u00e3o e utiliza\u00e7\u00e3o da informa\u00e7\u00e3o, dados e servi\u00e7os do portal. <\/p>\n\n<p>Em qualquer caso, o portal exclui qualquer responsabilidade pelos danos e preju\u00edzos que possam derivar das informa\u00e7\u00f5es e\/ou servi\u00e7os prestados ou prestados por terceiros alheios \u00e0 empresa. Toda a responsabilidade recair\u00e1 sobre o terceiro, seja ele fornecedor ou colaborador. <\/p>\n\n<p><strong>Propriedade Intelectual e Industrial<\/strong> <\/p>\n\n<p>Todos os conte\u00fados, marcas, log\u00f3tipos, desenhos, documenta\u00e7\u00e3o, programas inform\u00e1ticos ou qualquer outro elemento suscet\u00edvel de prote\u00e7\u00e3o pela Lei da Propriedade Intelectual ou Industrial, que sejam acess\u00edveis no portal pertencem \u00fanica e exclusivamente \u00e0 empresa ou aos seus leg\u00edtimos titulares, ficando expressamente reservados todos os direitos sobre os mesmos. \u00c9 ainda expressamente proibida a cria\u00e7\u00e3o de links para qualquer elemento do portal sem o consentimento pr\u00e9vio e expresso da empresa. <\/p>\n\n<p>O portal reserva, assim, todos os direitos sobre os conte\u00fados, informa\u00e7\u00f5es, dados e servi\u00e7os que det\u00e9m. A empresa n\u00e3o concede ao utilizador qualquer licen\u00e7a ou autoriza\u00e7\u00e3o para utilizar o seu conte\u00fado, dados ou servi\u00e7os para al\u00e9m do expressamente detalhado nestas condi\u00e7\u00f5es gerais. <\/p>\n\n<p><strong>Privacidade<\/strong> <\/p>\n\n<p>Todos os dados pessoais ser\u00e3o utilizados exclusivamente para fins comerciais e ser\u00e3o processados \u200b\u200be armazenados num ficheiro propriedade da Limagrain Ib\u00e9rica S.A. <\/p>\n\n<p>Pode exercer os seus direitos de ACESSO, RETIFICA\u00c7\u00c3O, CANCELAMENTO ou OPOSI\u00c7\u00c3O a qualquer momento, escrevendo uma correspond\u00eancia postal para o seguinte endere\u00e7o: LIMAGRAIN IB\u00c9RICA, S.A. Autopista Pamplona-Huesca, Km.12 31470 Elorz (Navarra). Elorz (Navarra). <\/p>\n","protected":false},"excerpt":{"rendered":"<p>Nome da empresa: LIMAGRAIN IBERICA S.A. Endere\u00e7o: LIMAGRAIN IBERICA S.A. Ctra. Pamplona-Huesca km12, 31470 ELORZ (NAVARRA) N\u00famero de telefone: +34 948 36 82 99 e-mail: info@limagrain-iberica.es Introdu\u00e7\u00e3o Estas condi\u00e7\u00f5es gerais de utiliza\u00e7\u00e3o do site regulam os termos e condi\u00e7\u00f5es de acesso e utiliza\u00e7\u00e3o do site www.advantaseeds.es, propriedade da Limagrain Ib\u00e9rica, S.A, com sede em Carretera [&hellip;]<\/p>\n","protected":false},"author":1,"featured_media":0,"parent":0,"menu_order":0,"comment_status":"closed","ping_status":"closed","template":"wp-custom-template-p-ginas-pt","meta":{"footnotes":""},"class_list":["post-1014","page","type-page","status-publish","hentry"],"_links":{"self":[{"href":"https:\/\/advantaseeds.es\/pt\/wp-json\/wp\/v2\/pages\/1014","targetHints":{"allow":["GET"]}}],"collection":[{"href":"https:\/\/advantaseeds.es\/pt\/wp-json\/wp\/v2\/pages"}],"about":[{"href":"https:\/\/advantaseeds.es\/pt\/wp-json\/wp\/v2\/types\/page"}],"author":[{"embeddable":true,"href":"https:\/\/advantaseeds.es\/pt\/wp-json\/wp\/v2\/users\/1"}],"replies":[{"embeddable":true,"href":"https:\/\/advantaseeds.es\/pt\/wp-json\/wp\/v2\/comments?post=1014"}],"version-history":[{"count":1,"href":"https:\/\/advantaseeds.es\/pt\/wp-json\/wp\/v2\/pages\/1014\/revisions"}],"predecessor-version":[{"id":1015,"href":"https:\/\/advantaseeds.es\/pt\/wp-json\/wp\/v2\/pages\/1014\/revisions\/1015"}],"wp:attachment":[{"href":"https:\/\/advantaseeds.es\/pt\/wp-json\/wp\/v2\/media?parent=1014"}],"curies":[{"name":"wp","href":"https:\/\/api.w.org\/{rel}","templated":true}]}}