{"id":1016,"date":"2022-08-19T17:07:54","date_gmt":"2022-08-19T17:07:54","guid":{"rendered":"https:\/\/advantaseeds.es\/contacto\/"},"modified":"2025-05-29T05:04:36","modified_gmt":"2025-05-29T05:04:36","slug":"contacto","status":"publish","type":"page","link":"https:\/\/advantaseeds.es\/pt\/contacto\/","title":{"rendered":"Contacto"},"content":{"rendered":"\n<div class=\"wp-block-group has-global-padding is-layout-constrained wp-block-group-is-layout-constrained\">\n<h2 class=\"wp-block-heading\">Encontra-nos<\/h2>\n\n\n\n<p>Se precisares de aconselhamento, estamos \u00e0 tua disposi\u00e7\u00e3o.<\/p>\n\n\n\n<div class=\"wp-block-columns is-layout-flex wp-container-core-columns-is-layout-28f84493 wp-block-columns-is-layout-flex\">\n<div class=\"wp-block-column is-style-shadow has-light-background-background-color has-background is-layout-flow wp-block-column-is-layout-flow\" style=\"border-style:none;border-width:0px;padding-top:30px;padding-right:30px;padding-bottom:30px;padding-left:30px\">\n<h2 class=\"wp-block-heading has-medium-font-size\">Sede<\/h2>\n\n\n\n<p>Ctra. Pamplona-Huesca km 12, 31470 Elorz (Navarra) \u2013 Espa\u00f1a<br>Telefone: 948 36 82 99<\/p>\n<\/div>\n\n\n\n<div class=\"wp-block-column is-style-shadow has-light-background-background-color has-background is-layout-flow wp-block-column-is-layout-flow\" style=\"border-style:none;border-width:0px;padding-top:30px;padding-right:30px;padding-bottom:30px;padding-left:30px\">\n<h2 class=\"wp-block-heading has-medium-font-size\">Delega\u00e7\u00e3o<\/h2>\n\n\n\n<p>Autoestrada A-4 km 383 \u2013 14610 C\u00f3rdoba. Apartado de Correio 17 \u2013 14420 Villafranca de C\u00f3rdoba<\/p>\n<\/div>\n<\/div>\n<\/div>\n\n\n\n<div class=\"wp-block-group has-global-padding is-layout-constrained wp-block-group-is-layout-constrained\">\n<h2 class=\"wp-block-heading\">Fala connosco<\/h2>\n\n\n\n<p>Preenche o formul\u00e1rio abaixo e entraremos em contacto contigo muito em breve.<\/p>\n<\/div>\n\n\n\n<div class=\"wp-block-columns is-layout-flex wp-container-core-columns-is-layout-28f84493 wp-block-columns-is-layout-flex\">\n<div class=\"wp-block-column is-style-shadow has-light-background-background-color has-background is-layout-flow wp-block-column-is-layout-flow\" style=\"border-style:none;border-width:0px;padding-top:30px;padding-right:30px;padding-bottom:30px;padding-left:30px\"><div class=\"wpforms-container wpforms-container-full wpforms-block wpforms-block-a0d54055-9a70-4da9-92b6-7ce43cbc0800\" id=\"wpforms-1019\"><form id=\"wpforms-form-1019\" class=\"wpforms-validate wpforms-form wpforms-ajax-form\" data-formid=\"1019\" method=\"post\" enctype=\"multipart\/form-data\" action=\"\/pt\/wp-json\/wp\/v2\/pages\/1016\" data-token=\"23020ea3eb082256cf63ab7f10db9e1e\" data-token-time=\"1776505828\"><noscript class=\"wpforms-error-noscript\">Please enable JavaScript in your browser to complete this form.<\/noscript><div class=\"wpforms-field-container\"><div id=\"wpforms-1019-field_1-container\" class=\"wpforms-field wpforms-field-name\" data-field-id=\"1\"><label class=\"wpforms-field-label\">Nome e Apelidos <span class=\"wpforms-required-label\">*<\/span><\/label><div class=\"wpforms-field-row wpforms-field-medium\"><div class=\"wpforms-field-row-block wpforms-first wpforms-one-half\"><input type=\"text\" id=\"wpforms-1019-field_1\" class=\"wpforms-field-name-first wpforms-field-required\" name=\"wpforms[fields][1][first]\" required><label for=\"wpforms-1019-field_1\" class=\"wpforms-field-sublabel after\">Nombre<\/label><\/div><div class=\"wpforms-field-row-block wpforms-one-half\"><input type=\"text\" id=\"wpforms-1019-field_1-last\" class=\"wpforms-field-name-last wpforms-field-required\" name=\"wpforms[fields][1][last]\" required><label for=\"wpforms-1019-field_1-last\" class=\"wpforms-field-sublabel after\">Apellidos<\/label><\/div><\/div><\/div><div id=\"wpforms-1019-field_3-container\" class=\"wpforms-field wpforms-field-text\" data-field-id=\"3\"><label class=\"wpforms-field-label\" for=\"wpforms-1019-field_3\">Telefone <span class=\"wpforms-required-label\">*<\/span><\/label><input type=\"text\" id=\"wpforms-1019-field_3\" class=\"wpforms-field-small wpforms-field-required\" name=\"wpforms[fields][3]\" required><\/div><div id=\"wpforms-1019-field_2-container\" class=\"wpforms-field wpforms-field-email\" data-field-id=\"2\"><label class=\"wpforms-field-label\" for=\"wpforms-1019-field_2\">Email <span class=\"wpforms-required-label\">*<\/span><\/label><input type=\"email\" id=\"wpforms-1019-field_2\" class=\"wpforms-field-medium wpforms-field-required\" name=\"wpforms[fields][2]\" spellcheck=\"false\" required><\/div><div id=\"wpforms-1019-field_5-container\" class=\"wpforms-field wpforms-field-select wpforms-field-select-style-classic\" data-field-id=\"5\"><label class=\"wpforms-field-label\" for=\"wpforms-1019-field_5\">Distrito <span class=\"wpforms-required-label\">*<\/span><\/label><select id=\"wpforms-1019-field_5\" class=\"wpforms-field-medium wpforms-field-required\" name=\"wpforms[fields][5]\" required=\"required\"><option value=\"Elige una opci\u00f3n\" >Elige una opci\u00f3n<\/option><\/select><\/div><div id=\"wpforms-1019-field_6-container\" class=\"wpforms-field wpforms-field-textarea\" data-field-id=\"6\"><label class=\"wpforms-field-label\" for=\"wpforms-1019-field_6\">Mensagem<\/label><textarea id=\"wpforms-1019-field_6\" class=\"wpforms-field-medium\" name=\"wpforms[fields][6]\" ><\/textarea><\/div><div id=\"wpforms-1019-field_7-container\" class=\"wpforms-field wpforms-field-checkbox\" data-field-id=\"7\"><ul id=\"wpforms-1019-field_7\" class=\"wpforms-field-required\"><li class=\"choice-1 depth-1\"><input type=\"checkbox\" id=\"wpforms-1019-field_7_1\" name=\"wpforms[fields][7][]\" value=\"Li e aceito os termos da &lt;a href=&quot;https:\/\/advantaseeds.es\/pt\/politica-de-privacidade\/&quot;&gt;pol\u00edtica de privacidade&lt;\/a&gt;.\" required ><label class=\"wpforms-field-label-inline\" for=\"wpforms-1019-field_7_1\">Li e aceito os termos da <a href=\"https:\/\/advantaseeds.es\/pt\/politica-de-privacidade\/\">pol\u00edtica de privacidade<\/a>.<\/label><\/li><\/ul><\/div><div id=\"wpforms-1019-field_9-container\" class=\"wpforms-field wpforms-field-checkbox\" data-field-id=\"9\"><ul id=\"wpforms-1019-field_9\"><li class=\"choice-1 depth-1\"><input type=\"checkbox\" id=\"wpforms-1019-field_9_1\" name=\"wpforms[fields][9][]\" value=\"Aceito receber comunica\u00e7\u00f5es informativas e comerciais.\"  ><label class=\"wpforms-field-label-inline\" for=\"wpforms-1019-field_9_1\">Aceito receber comunica\u00e7\u00f5es informativas e comerciais.<\/label><\/li><\/ul><\/div><\/div><!-- .wpforms-field-container --><div class=\"wpforms-recaptcha-container wpforms-is-recaptcha wpforms-is-recaptcha-type-v2\" ><div class=\"g-recaptcha\" data-sitekey=\"6Ld0SDokAAAAAFj17aAtpvPpdXo2mfvbcZIkZWcR\"><\/div><input type=\"text\" name=\"g-recaptcha-hidden\" class=\"wpforms-recaptcha-hidden\" style=\"position:absolute!important;clip:rect(0,0,0,0)!important;height:1px!important;width:1px!important;border:0!important;overflow:hidden!important;padding:0!important;margin:0!important;\" data-rule-recaptcha=\"1\"><\/div><div class=\"wpforms-submit-container\" ><input type=\"hidden\" name=\"wpforms[id]\" value=\"1019\"><input type=\"hidden\" name=\"page_title\" value=\"\"><input type=\"hidden\" name=\"page_url\" value=\"https:\/\/advantaseeds.es\/pt\/wp-json\/wp\/v2\/pages\/1016\"><input type=\"hidden\" name=\"url_referer\" value=\"\"><button type=\"submit\" name=\"wpforms[submit]\" id=\"wpforms-submit-1019\" class=\"wpforms-submit\" data-alt-text=\"A enviar...\" data-submit-text=\"Enviar\" aria-live=\"assertive\" value=\"wpforms-submit\">Enviar<\/button><img loading=\"lazy\" decoding=\"async\" src=\"https:\/\/advantaseeds.es\/wp-content\/plugins\/wpforms-lite\/assets\/images\/submit-spin.svg\" class=\"wpforms-submit-spinner\" style=\"display: none;\" width=\"26\" height=\"26\" alt=\"Loading\"><\/div><\/form><\/div>  <!-- .wpforms-container --><\/div>\n<\/div>\n","protected":false},"excerpt":{"rendered":"<p>Encontra-nos Se precisares de aconselhamento, estamos \u00e0 tua disposi\u00e7\u00e3o. Sede Ctra. Pamplona-Huesca km 12, 31470 Elorz (Navarra) \u2013 Espa\u00f1aTelefone: 948 36 82 99 Delega\u00e7\u00e3o Autoestrada A-4 km 383 \u2013 14610 C\u00f3rdoba. Apartado de Correio 17 \u2013 14420 Villafranca de C\u00f3rdoba Fala connosco Preenche o formul\u00e1rio abaixo e entraremos em contacto contigo muito em breve.<\/p>\n","protected":false},"author":1,"featured_media":0,"parent":0,"menu_order":0,"comment_status":"closed","ping_status":"closed","template":"wp-custom-template-p-ginas-pt","meta":{"footnotes":""},"class_list":["post-1016","page","type-page","status-publish","hentry"],"_links":{"self":[{"href":"https:\/\/advantaseeds.es\/pt\/wp-json\/wp\/v2\/pages\/1016","targetHints":{"allow":["GET"]}}],"collection":[{"href":"https:\/\/advantaseeds.es\/pt\/wp-json\/wp\/v2\/pages"}],"about":[{"href":"https:\/\/advantaseeds.es\/pt\/wp-json\/wp\/v2\/types\/page"}],"author":[{"embeddable":true,"href":"https:\/\/advantaseeds.es\/pt\/wp-json\/wp\/v2\/users\/1"}],"replies":[{"embeddable":true,"href":"https:\/\/advantaseeds.es\/pt\/wp-json\/wp\/v2\/comments?post=1016"}],"version-history":[{"count":2,"href":"https:\/\/advantaseeds.es\/pt\/wp-json\/wp\/v2\/pages\/1016\/revisions"}],"predecessor-version":[{"id":1024,"href":"https:\/\/advantaseeds.es\/pt\/wp-json\/wp\/v2\/pages\/1016\/revisions\/1024"}],"wp:attachment":[{"href":"https:\/\/advantaseeds.es\/pt\/wp-json\/wp\/v2\/media?parent=1016"}],"curies":[{"name":"wp","href":"https:\/\/api.w.org\/{rel}","templated":true}]}}