{"id":1025,"date":"2023-01-13T08:09:27","date_gmt":"2023-01-13T08:09:27","guid":{"rendered":"https:\/\/advantaseeds.es\/politica-de-cookies\/"},"modified":"2025-05-29T05:05:20","modified_gmt":"2025-05-29T05:05:20","slug":"politica-de-cookies","status":"publish","type":"page","link":"https:\/\/advantaseeds.es\/pt\/politica-de-cookies\/","title":{"rendered":"Pol\u00edtica de Cookies"},"content":{"rendered":"\n<p>Disponibilizamos esta pol\u00edtica de cookies aos utilizadores, onde podem encontrar todos os detalhes sobre a utiliza\u00e7\u00e3o de cookies no nosso website. Recomendamos que os utilizadores visitem esta pol\u00edtica de cookies com frequ\u00eancia, uma vez que pode ser atualizada a qualquer momento.  <\/p>\n\n<p><strong>O que \u00e9 um cookie?<\/strong> <\/p>\n\n<p>Um cookie \u00e9 um pequeno ficheiro de texto que \u00e9 armazenado no seu navegador quando visita um website. <\/p>\n\n<p>S\u00e3o ferramentas que desempenham um papel essencial na presta\u00e7\u00e3o de servi\u00e7os digitais. Entre outras coisas, permitem que um website armazene e recupere informa\u00e7\u00f5es sobre os h\u00e1bitos de navega\u00e7\u00e3o de um utilizador ou do seu dispositivo e, dependendo das informa\u00e7\u00f5es obtidas, podem ser utilizados para reconhecer o utilizador e melhorar o servi\u00e7o oferecido. Sem cookies, muitos sites n\u00e3o funcionar\u00e3o corretamente ou os servi\u00e7os oferecidos ser\u00e3o prejudicados.   <\/p>\n\n<p><strong>A quem se destinam os nossos cookies?<\/strong> <\/p>\n\n<p>Os servi\u00e7os oferecidos neste site, bem como os conte\u00fados, destinam-se a adultos. Entendemos que ser\u00e3o respons\u00e1veis \u200b\u200bpela utiliza\u00e7\u00e3o de cada um dos diferentes recursos.  <\/p>\n\n<p><strong>TIPOS DE COOKIES<\/strong> <\/p>\n\n<p>O seguinte guia sobre a utiliza\u00e7\u00e3o de cookies da Ag\u00eancia de Prote\u00e7\u00e3o de Dados detalha os diferentes tipos de cookies. http:\/\/www.agpd.es\/portalwebAGPD\/canaldocumentacion\/publicaciones\/common\/Guias\/Guia_Cookies.pdf\n <\/p>\n\n<p><strong>1. DEPENDENDO DA ENTIDADE QUE GESTORA O DOM\u00cdNIO<\/strong> a partir do qual s\u00e3o enviados os cookies e s\u00e3o tratados os dados obtidos, podem distinguir-se dois tipos: cookies pr\u00f3prios e cookies de terceiros. <\/p>\n\n<p>Cookies prim\u00e1rios: s\u00e3o aqueles que s\u00e3o enviados para o dispositivo do utilizador a partir de um computador ou dom\u00ednio gerido pelo propriet\u00e1rio do site e a partir do qual \u00e9 fornecido o servi\u00e7o solicitado pelo utilizador. <\/p>\n\n<p>Cookies de terceiros: s\u00e3o aqueles que s\u00e3o enviados para o dispositivo do utilizador a partir de um computador ou dom\u00ednio que n\u00e3o \u00e9 gerido pelo propriet\u00e1rio do site, mas sim por outra entidade que processa os dados obtidos atrav\u00e9s dos cookies. <\/p>\n\n<p><strong>2.\u00ba DE ACORDO COM O PER\u00cdODO DE TEMPO QUE PERMANECEM ARMAZENADOS NO COMPUTADOR:<\/strong> <\/p>\n\n<p><strong>Cookies de sess\u00e3o:<\/strong> Estes cookies recolhem e armazenam dados quando o utilizador acede ao site e s\u00e3o eliminados quando o utilizador sai do site. <\/p>\n\n<p><strong>Cookies persistentes: <\/strong>s\u00e3o cookies que t\u00eam uma dura\u00e7\u00e3o determinada pelo respons\u00e1vel pelo tratamento. O tempo de armazenamento pode variar entre alguns minutos e v\u00e1rios anos. S\u00e3o utilizados para guardar e recuperar determinados par\u00e2metros cada vez que o utilizador visita o site.   <\/p>\n\n<p><strong>3.\u00ba DE ACORDO COM A FINALIDADE:<\/strong> <\/p>\n\n<p><strong>Cookies t\u00e9cnicos: <\/strong>S\u00e3o essenciais e estritamente necess\u00e1rios para o bom funcionamento do site e para a utiliza\u00e7\u00e3o das diferentes op\u00e7\u00f5es ou servi\u00e7os que oferecemos. Por exemplo, os utilizados para manuten\u00e7\u00e3o de sess\u00f5es, gest\u00e3o de tempo de resposta, valida\u00e7\u00e3o de desempenho ou op\u00e7\u00e3o, utiliza\u00e7\u00e3o de elementos de seguran\u00e7a, partilha de conte\u00fados com redes sociais, etc.  <\/p>\n\n<p><strong>Cookies de personaliza\u00e7\u00e3o:<\/strong> Estes cookies permitem ao utilizador especificar ou personalizar determinadas funcionalidades do site. Por exemplo, definir o idioma, as defini\u00e7\u00f5es regionais ou o tipo de browser.  <\/p>\n\n<p><strong>Cookies de an\u00e1lise:<\/strong> Estes cookies permitem-nos rastrear e analisar o comportamento do utilizador no nosso website para criar perfis de navega\u00e7\u00e3o e compreender as prefer\u00eancias do utilizador. S\u00e3o frequentemente utilizados para medir a atividade do utilizador com o objetivo de melhorar o servi\u00e7o que oferecemos com base nos resultados que obtemos. Por exemplo, um cookie anal\u00edtico monitorizaria as \u00e1reas geogr\u00e1ficas de maior interesse de um utilizador, qual o produto ou servi\u00e7o mais popular, etc.   <\/p>\n\n<p><strong>Cookies de publicidade:<\/strong> Estes cookies permitem-nos gerir espa\u00e7os publicit\u00e1rios em websites. <\/p>\n\n<p>Cookies de publicidade comportamental: Estes cookies permitem-nos gerir os espa\u00e7os publicit\u00e1rios no nosso website. O objetivo destes cookies \u00e9 armazenar informa\u00e7\u00f5es sobre o comportamento do utilizador no nosso website, para posteriormente exibir publicidade personalizada.  <\/p>\n\n<p><strong>QUE COOKIES USAMOS?<\/strong> <\/p>\n\n<p>Seguindo as diretrizes da Ag\u00eancia Espanhola de Prote\u00e7\u00e3o de Dados, detalhamos a utiliza\u00e7\u00e3o de cookies neste site para lhe fornecer as informa\u00e7\u00f5es mais precisas poss\u00edveis. <\/p>\n\n<p>Necess\u00e1rio <\/p>\n\n<p>Sempre habilitado <\/p>\n\n<p>N\u00e3o \u00e9 necess\u00e1rio <\/p>\n\n<p>Outros <\/p>\n\n<p>An\u00fancios <\/p>\n\n<p>An\u00e1lise <\/p>\n\n<p><strong>COMO DESATIVAR OU APAGAR OS COOKIES?<\/strong> <\/p>\n\n<p>Pode restringir, bloquear ou eliminar cookies de qualquer site utilizando o seu navegador. Como as defini\u00e7\u00f5es variam consoante o navegador, a fun\u00e7\u00e3o &#8220;Ajuda&#8221; mostrar\u00e1 como o fazer. Disponibilizamos links diretos para informa\u00e7\u00f5es sobre este tema:   <\/p>\n\n<p><a href=\"https:\/\/support.microsoft.com\/es-es\/windows\/eliminar-y-administrar-cookies-168dab11-0753-043d-7c16-ede5947fc64d#ie=%E2%80%9Die-10\" target=\"_blank\" rel=\"noreferrer noopener\">Microsoft Internet Explorer<\/a> <\/p>\n\n<p><a href=\"https:\/\/support.mozilla.org\/es\/kb\/Borrar%20cookies\" target=\"_blank\" rel=\"noreferrer noopener\">Mozilla FireFox<\/a> <\/p>\n\n<p><a href=\"https:\/\/support.google.com\/chrome\/answer\/95647?hl=es\" target=\"_blank\" rel=\"noreferrer noopener\">Google Chrome<\/a> <\/p>\n\n<p><a href=\"https:\/\/www.apple.com\/legal\/privacy\/es\/cookies\/\" target=\"_blank\" rel=\"noreferrer noopener\">Apple Safari<\/a> <\/p>\n\n<p><strong>Mais informa\u00e7\u00f5es<\/strong> <\/p>\n\n<p>Nem este site nem os seus representantes legais s\u00e3o respons\u00e1veis \u200b\u200bpelo conte\u00fado ou veracidade das pol\u00edticas de privacidade de terceiros mencionadas nesta pol\u00edtica de cookies. <\/p>\n\n<p>Os navegadores da Web s\u00e3o as ferramentas respons\u00e1veis \u200b\u200bpelo armazenamento de cookies e, a partir deste local, deve exercer o seu direito de os eliminar ou desativar. Nem este site nem os seus representantes legais podem garantir o manuseamento correto ou incorreto dos cookies pelos navegadores mencionados. <\/p>\n\n<p>Em alguns casos, \u00e9 necess\u00e1rio instalar cookies para que o browser n\u00e3o se esque\u00e7a da sua decis\u00e3o de n\u00e3o os aceitar. <\/p>\n\n<p>Caso tenha alguma d\u00favida ou preocupa\u00e7\u00e3o sobre esta pol\u00edtica de cookies, n\u00e3o hesite em contactar-nos.<\/p>\n","protected":false},"excerpt":{"rendered":"<p>Disponibilizamos esta pol\u00edtica de cookies aos utilizadores, onde podem encontrar todos os detalhes sobre a utiliza\u00e7\u00e3o de cookies no nosso website. Recomendamos que os utilizadores visitem esta pol\u00edtica de cookies com frequ\u00eancia, uma vez que pode ser atualizada a qualquer momento. O que \u00e9 um cookie? Um cookie \u00e9 um pequeno ficheiro de texto que [&hellip;]<\/p>\n","protected":false},"author":1,"featured_media":0,"parent":0,"menu_order":0,"comment_status":"closed","ping_status":"closed","template":"wp-custom-template-p-ginas-pt","meta":{"footnotes":""},"class_list":["post-1025","page","type-page","status-publish","hentry"],"_links":{"self":[{"href":"https:\/\/advantaseeds.es\/pt\/wp-json\/wp\/v2\/pages\/1025","targetHints":{"allow":["GET"]}}],"collection":[{"href":"https:\/\/advantaseeds.es\/pt\/wp-json\/wp\/v2\/pages"}],"about":[{"href":"https:\/\/advantaseeds.es\/pt\/wp-json\/wp\/v2\/types\/page"}],"author":[{"embeddable":true,"href":"https:\/\/advantaseeds.es\/pt\/wp-json\/wp\/v2\/users\/1"}],"replies":[{"embeddable":true,"href":"https:\/\/advantaseeds.es\/pt\/wp-json\/wp\/v2\/comments?post=1025"}],"version-history":[{"count":1,"href":"https:\/\/advantaseeds.es\/pt\/wp-json\/wp\/v2\/pages\/1025\/revisions"}],"predecessor-version":[{"id":1026,"href":"https:\/\/advantaseeds.es\/pt\/wp-json\/wp\/v2\/pages\/1025\/revisions\/1026"}],"wp:attachment":[{"href":"https:\/\/advantaseeds.es\/pt\/wp-json\/wp\/v2\/media?parent=1025"}],"curies":[{"name":"wp","href":"https:\/\/api.w.org\/{rel}","templated":true}]}}