{"id":1032,"date":"2023-01-13T12:12:50","date_gmt":"2023-01-13T12:12:50","guid":{"rendered":"https:\/\/advantaseeds.es\/variedades\/"},"modified":"2026-01-14T17:44:55","modified_gmt":"2026-01-14T17:44:55","slug":"variedades","status":"publish","type":"page","link":"https:\/\/advantaseeds.es\/pt\/variedades\/","title":{"rendered":"Variedades"},"content":{"rendered":"\n<div class=\"wp-block-group has-global-padding is-layout-constrained wp-block-group-is-layout-constrained\">\n<div class=\"wp-block-group is-layout-flow wp-block-group-is-layout-flow\">\n<div class=\"wp-block-columns is-layout-flex wp-container-core-columns-is-layout-28f84493 wp-block-columns-is-layout-flex\">\n<div class=\"wp-block-column is-layout-flow wp-block-column-is-layout-flow\">\n<h2 class=\"wp-block-heading\">Advanta\u00ae, um milho \u00fanico<\/h2>\n\n\n\n<p>Advanta\u00ae, um milho pensado para o pecuarista. Abaixo apresentamos o cat\u00e1logo Advanta\u00ae 2026.<\/p>\n<\/div>\n<\/div>\n\n\n\n<div style=\"height:30px\" aria-hidden=\"true\" class=\"wp-block-spacer\"><\/div>\n\n\n\n<div style=\"height:0px\" aria-hidden=\"true\" class=\"wp-block-spacer\"><\/div>\n\n\n\n<div class=\"wp-block-columns is-layout-flex wp-container-core-columns-is-layout-28f84493 wp-block-columns-is-layout-flex\">\n<div class=\"wp-block-column is-style-default is-layout-flow wp-block-column-is-layout-flow\" style=\"border-style:none;border-width:0px;padding-top:0;padding-right:0;padding-bottom:0;padding-left:0\">\n<figure class=\"wp-block-image size-full has-custom-border\"><img loading=\"lazy\" decoding=\"async\" width=\"740\" height=\"940\" src=\"https:\/\/advantaseeds.es\/wp-content\/uploads\/2025\/05\/belgrano.jpg\" alt=\"\" class=\"wp-image-1036\" style=\"border-radius:20px\" srcset=\"https:\/\/advantaseeds.es\/wp-content\/uploads\/2025\/05\/belgrano.jpg 740w, https:\/\/advantaseeds.es\/wp-content\/uploads\/2025\/05\/belgrano-236x300.jpg 236w\" sizes=\"auto, (max-width: 740px) 100vw, 740px\" \/><\/figure>\n\n\n\n<div class=\"wp-block-columns is-layout-flex wp-container-core-columns-is-layout-28f84493 wp-block-columns-is-layout-flex\">\n<div class=\"wp-block-column is-style-shadow has-light-background-background-color has-background is-layout-flow wp-block-column-is-layout-flow\" style=\"border-style:none;border-width:0px;padding-top:30px;padding-right:30px;padding-bottom:30px;padding-left:30px\">\n<h2 class=\"wp-block-heading\">Belgrano<\/h2>\n\n\n\n<h6 class=\"wp-block-heading\">FAO 200<\/h6>\n\n\n\n<p>L\u00edder indiscut\u00edvel em qualidade no milho miudo.<\/p>\n\n\n\n<div class=\"wp-block-buttons is-layout-flex wp-block-buttons-is-layout-flex\">\n<div class=\"wp-block-button\"><a class=\"wp-block-button__link has-white-color has-primary-background-color has-text-color has-background wp-element-button\" href=\"http:\/\/advantaseeds.es\/wp-content\/uploads\/2025\/05\/Fichas_Advanta_Portugal_BELGRANO.pdf\" target=\"_blank\" rel=\"noreferrer noopener\">Folha de variedades<\/a><\/div>\n<\/div>\n<\/div>\n<\/div>\n<\/div>\n\n\n\n<div class=\"wp-block-column is-style-default is-layout-flow wp-block-column-is-layout-flow\">\n<figure class=\"wp-block-image size-full has-custom-border\"><img loading=\"lazy\" decoding=\"async\" width=\"740\" height=\"940\" src=\"http:\/\/advantaseeds.es\/wp-content\/uploads\/2025\/03\/adevey.jpg\" alt=\"\" class=\"wp-image-997\" style=\"border-radius:20px\" srcset=\"https:\/\/advantaseeds.es\/wp-content\/uploads\/2025\/03\/adevey.jpg 740w, https:\/\/advantaseeds.es\/wp-content\/uploads\/2025\/03\/adevey-236x300.jpg 236w\" sizes=\"auto, (max-width: 740px) 100vw, 740px\" \/><\/figure>\n\n\n\n<div class=\"wp-block-columns is-layout-flex wp-container-core-columns-is-layout-28f84493 wp-block-columns-is-layout-flex\">\n<div class=\"wp-block-column is-style-shadow has-light-background-background-color has-background is-layout-flow wp-block-column-is-layout-flow\" style=\"border-style:none;border-width:0px;padding-top:30px;padding-right:30px;padding-bottom:30px;padding-left:30px\">\n<h2 class=\"wp-block-heading\">Adevey<\/h2>\n\n\n\n<h6 class=\"wp-block-heading\">FAO 200<\/h6>\n\n\n\n<p>Milho gourmet para vacas exigentes.<\/p>\n\n\n\n<div class=\"wp-block-buttons is-layout-flex wp-block-buttons-is-layout-flex\">\n<div class=\"wp-block-button\"><a class=\"wp-block-button__link has-white-color has-primary-background-color has-text-color has-background wp-element-button\" href=\"http:\/\/advantaseeds.es\/wp-content\/uploads\/2025\/05\/Fichas_Advanta_Portugal_ADEVEY.pdf\" target=\"_blank\" rel=\"noreferrer noopener\">Folha de variedades<\/a><\/div>\n<\/div>\n<\/div>\n<\/div>\n<\/div>\n\n\n\n<div class=\"wp-block-column is-style-default is-layout-flow wp-block-column-is-layout-flow\" style=\"border-style:none;border-width:0px;padding-top:0;padding-right:0;padding-bottom:0;padding-left:0\">\n<figure class=\"wp-block-image size-full has-custom-border\"><img loading=\"lazy\" decoding=\"async\" width=\"740\" height=\"940\" src=\"http:\/\/advantaseeds.es\/wp-content\/uploads\/2025\/03\/clooney.jpg\" alt=\"\" class=\"wp-image-994\" style=\"border-radius:20px\" srcset=\"https:\/\/advantaseeds.es\/wp-content\/uploads\/2025\/03\/clooney.jpg 740w, https:\/\/advantaseeds.es\/wp-content\/uploads\/2025\/03\/clooney-236x300.jpg 236w\" sizes=\"auto, (max-width: 740px) 100vw, 740px\" \/><\/figure>\n\n\n\n<div class=\"wp-block-columns is-layout-flex wp-container-core-columns-is-layout-28f84493 wp-block-columns-is-layout-flex\">\n<div class=\"wp-block-column is-style-shadow has-light-background-background-color has-background is-layout-flow wp-block-column-is-layout-flow\" style=\"border-style:none;border-width:0px;padding-top:30px;padding-right:30px;padding-bottom:30px;padding-left:30px\">\n<h2 class=\"wp-block-heading\">Clooney<\/h2>\n\n\n\n<h6 class=\"wp-block-heading\">FAO 200<\/h6>\n\n\n\n<p>Precocidade, performance e rusticidade.<\/p>\n\n\n\n<div class=\"wp-block-buttons is-layout-flex wp-block-buttons-is-layout-flex\">\n<div class=\"wp-block-button\"><a class=\"wp-block-button__link has-white-color has-primary-background-color has-text-color has-background wp-element-button\" href=\"http:\/\/advantaseeds.es\/wp-content\/uploads\/2025\/05\/Fichas_Advanta_Portugal_CLOONEY.pdf\" target=\"_blank\" rel=\"noreferrer noopener\">Folha de variedades<\/a><\/div>\n<\/div>\n<\/div>\n<\/div>\n<\/div>\n<\/div>\n\n\n\n<div style=\"height:30px\" aria-hidden=\"true\" class=\"wp-block-spacer\"><\/div>\n\n\n\n<div style=\"height:30px\" aria-hidden=\"true\" class=\"wp-block-spacer\"><\/div>\n\n\n\n<div class=\"wp-block-columns is-layout-flex wp-container-core-columns-is-layout-28f84493 wp-block-columns-is-layout-flex\">\n<div class=\"wp-block-column is-style-default is-layout-flow wp-block-column-is-layout-flow\" style=\"border-style:none;border-width:0px\">\n<figure class=\"wp-block-image size-full has-custom-border\"><img loading=\"lazy\" decoding=\"async\" width=\"740\" height=\"940\" src=\"http:\/\/advantaseeds.es\/wp-content\/uploads\/2025\/03\/rosaleen.jpg\" alt=\"\" class=\"wp-image-1000\" style=\"border-radius:20px\" srcset=\"https:\/\/advantaseeds.es\/wp-content\/uploads\/2025\/03\/rosaleen.jpg 740w, https:\/\/advantaseeds.es\/wp-content\/uploads\/2025\/03\/rosaleen-236x300.jpg 236w\" sizes=\"auto, (max-width: 740px) 100vw, 740px\" \/><\/figure>\n\n\n\n<div class=\"wp-block-columns is-layout-flex wp-container-core-columns-is-layout-28f84493 wp-block-columns-is-layout-flex\">\n<div class=\"wp-block-column is-style-shadow has-light-background-background-color has-background is-layout-flow wp-block-column-is-layout-flow\" style=\"border-style:none;border-width:0px;padding-top:30px;padding-right:30px;padding-bottom:30px;padding-left:30px\">\n<h2 class=\"wp-block-heading\">Rosaleen<\/h2>\n\n\n\n<h6 class=\"wp-block-heading\">FAO 200\/300<\/h6>\n\n\n\n<p>Apar\u00eancia, desempenho e qualidade, tudo em um.<\/p>\n\n\n\n<div class=\"wp-block-buttons is-layout-flex wp-block-buttons-is-layout-flex\">\n<div class=\"wp-block-button\"><a class=\"wp-block-button__link has-white-color has-primary-background-color has-text-color has-background wp-element-button\" href=\"http:\/\/advantaseeds.es\/wp-content\/uploads\/2025\/05\/Fichas_Advanta_Portugal_ROSALEEN.pdf\" target=\"_blank\" rel=\"noreferrer noopener\">Folha de variedades<\/a><\/div>\n<\/div>\n<\/div>\n<\/div>\n<\/div>\n\n\n\n<div class=\"wp-block-column is-style-default is-layout-flow wp-block-column-is-layout-flow\" style=\"border-style:none;border-width:0px;padding-top:0;padding-right:0;padding-bottom:0;padding-left:0\">\n<figure class=\"wp-block-image size-full has-custom-border\"><img loading=\"lazy\" decoding=\"async\" width=\"740\" height=\"940\" src=\"http:\/\/advantaseeds.es\/wp-content\/uploads\/2023\/01\/INVADOR.jpg\" alt=\"\" class=\"wp-image-1119\" style=\"border-radius:20px\" srcset=\"https:\/\/advantaseeds.es\/wp-content\/uploads\/2023\/01\/INVADOR.jpg 740w, https:\/\/advantaseeds.es\/wp-content\/uploads\/2023\/01\/INVADOR-236x300.jpg 236w\" sizes=\"auto, (max-width: 740px) 100vw, 740px\" \/><\/figure>\n\n\n\n<div class=\"wp-block-columns is-layout-flex wp-container-core-columns-is-layout-28f84493 wp-block-columns-is-layout-flex\">\n<div class=\"wp-block-column is-style-shadow has-light-background-background-color has-background is-layout-flow wp-block-column-is-layout-flow\" style=\"border-style:none;border-width:0px;padding-top:30px;padding-right:30px;padding-bottom:30px;padding-left:30px\">\n<h2 class=\"wp-block-heading\">Invador<\/h2>\n\n\n\n<h6 class=\"wp-block-heading\">FAO 300<\/h6>\n\n\n\n<p>Alta produtividade e excelente qualidade.<\/p>\n\n\n\n<div class=\"wp-block-buttons is-layout-flex wp-block-buttons-is-layout-flex\">\n<div class=\"wp-block-button\"><a class=\"wp-block-button__link has-white-color has-primary-background-color has-text-color has-background wp-element-button\" href=\"http:\/\/advantaseeds.es\/wp-content\/uploads\/2025\/05\/Fichas_Advanta_Portugal_INVADOR.pdf\" target=\"_blank\" rel=\"noreferrer noopener\">Folha de variedades<\/a><\/div>\n<\/div>\n<\/div>\n<\/div>\n<\/div>\n\n\n\n<div class=\"wp-block-column is-style-default is-layout-flow wp-block-column-is-layout-flow\" style=\"border-style:none;border-width:0px;padding-top:0;padding-right:0;padding-bottom:0;padding-left:0\">\n<figure class=\"wp-block-image size-full has-custom-border\"><img loading=\"lazy\" decoding=\"async\" width=\"740\" height=\"940\" src=\"http:\/\/advantaseeds.es\/wp-content\/uploads\/2023\/01\/AAPOTHEOZ.jpg\" alt=\"\" class=\"wp-image-598\" style=\"border-radius:20px\" srcset=\"https:\/\/advantaseeds.es\/wp-content\/uploads\/2023\/01\/AAPOTHEOZ.jpg 740w, https:\/\/advantaseeds.es\/wp-content\/uploads\/2023\/01\/AAPOTHEOZ-236x300.jpg 236w\" sizes=\"auto, (max-width: 740px) 100vw, 740px\" \/><\/figure>\n\n\n\n<div class=\"wp-block-columns is-layout-flex wp-container-core-columns-is-layout-28f84493 wp-block-columns-is-layout-flex\">\n<div class=\"wp-block-column is-style-shadow has-light-background-background-color has-background is-layout-flow wp-block-column-is-layout-flow\" style=\"border-style:none;border-width:0px;padding-top:30px;padding-right:30px;padding-bottom:30px;padding-left:30px\">\n<h2 class=\"wp-block-heading\">Aapotheoz<\/h2>\n\n\n\n<h6 class=\"wp-block-heading\">FAO 400<\/h6>\n\n\n\n<p>R\u00e1pida produ\u00e7\u00e3o e potencial de secagem.<\/p>\n\n\n\n<div class=\"wp-block-buttons is-layout-flex wp-block-buttons-is-layout-flex\">\n<div class=\"wp-block-button\"><a class=\"wp-block-button__link has-white-color has-primary-background-color has-text-color has-background wp-element-button\" href=\"http:\/\/advantaseeds.es\/wp-content\/uploads\/2025\/05\/Fichas_Advanta_Portugal_AAPOTHEOZ.pdf\" target=\"_blank\" rel=\"noreferrer noopener\">Folha de variedades<\/a><\/div>\n<\/div>\n<\/div>\n<\/div>\n<\/div>\n<\/div>\n\n\n\n<div class=\"wp-block-columns is-layout-flex wp-container-core-columns-is-layout-28f84493 wp-block-columns-is-layout-flex\">\n<div class=\"wp-block-column is-style-default is-layout-flow wp-block-column-is-layout-flow\" style=\"border-style:none;border-width:0px;padding-top:0;padding-right:0;padding-bottom:0;padding-left:0\">\n<figure class=\"wp-block-image size-full has-custom-border\"><img loading=\"lazy\" decoding=\"async\" width=\"740\" height=\"940\" src=\"https:\/\/advantaseeds.es\/wp-content\/uploads\/2026\/01\/WEB-Advanta-Minork.png\" alt=\"\" class=\"wp-image-1220\" style=\"border-radius:20px\" srcset=\"https:\/\/advantaseeds.es\/wp-content\/uploads\/2026\/01\/WEB-Advanta-Minork.png 740w, https:\/\/advantaseeds.es\/wp-content\/uploads\/2026\/01\/WEB-Advanta-Minork-236x300.png 236w\" sizes=\"auto, (max-width: 740px) 100vw, 740px\" \/><\/figure>\n\n\n\n<div class=\"wp-block-columns is-layout-flex wp-container-core-columns-is-layout-28f84493 wp-block-columns-is-layout-flex\">\n<div class=\"wp-block-column is-style-shadow has-light-background-background-color has-background is-layout-flow wp-block-column-is-layout-flow\" style=\"border-style:none;border-width:0px;padding-top:30px;padding-right:30px;padding-bottom:30px;padding-left:30px\">\n<h2 class=\"wp-block-heading\">Minork &#8211; <em>NOVO<\/em><\/h2>\n\n\n\n<h6 class=\"wp-block-heading\">FAO 500<\/h6>\n\n\n\n<p>NOVO &#8211; Elevado potencial produtivo.<\/p>\n\n\n\n<div class=\"wp-block-buttons is-layout-flex wp-block-buttons-is-layout-flex\">\n<div class=\"wp-block-button\"><a class=\"wp-block-button__link has-white-color has-primary-background-color has-text-color has-background wp-element-button\" href=\"https:\/\/advantaseeds.es\/wp-content\/uploads\/2026\/01\/Fichas_Advanta_Portugal_MINORK.pdf\" target=\"_blank\" rel=\"noreferrer noopener\">Folha de variedades<\/a><\/div>\n<\/div>\n<\/div>\n<\/div>\n<\/div>\n\n\n\n<div class=\"wp-block-column is-style-default is-layout-flow wp-block-column-is-layout-flow\" style=\"border-style:none;border-width:0px;padding-top:0;padding-right:0;padding-bottom:0;padding-left:0\">\n<figure class=\"wp-block-image size-full has-custom-border\"><img loading=\"lazy\" decoding=\"async\" width=\"740\" height=\"940\" src=\"http:\/\/advantaseeds.es\/wp-content\/uploads\/2025\/03\/rubi.jpg\" alt=\"\" class=\"wp-image-1003\" style=\"border-radius:20px\" srcset=\"https:\/\/advantaseeds.es\/wp-content\/uploads\/2025\/03\/rubi.jpg 740w, https:\/\/advantaseeds.es\/wp-content\/uploads\/2025\/03\/rubi-236x300.jpg 236w\" sizes=\"auto, (max-width: 740px) 100vw, 740px\" \/><\/figure>\n\n\n\n<div class=\"wp-block-columns is-layout-flex wp-container-core-columns-is-layout-28f84493 wp-block-columns-is-layout-flex\">\n<div class=\"wp-block-column is-style-shadow has-light-background-background-color has-background is-layout-flow wp-block-column-is-layout-flow\" style=\"border-style:none;border-width:0px;padding-top:30px;padding-right:30px;padding-bottom:30px;padding-left:30px\">\n<h2 class=\"wp-block-heading\">Rubi<\/h2>\n\n\n\n<h6 class=\"wp-block-heading\">FAO 500<\/h6>\n\n\n\n<p>Apar\u00eancia imponente e alt\u00edssima performance.<\/p>\n\n\n\n<div class=\"wp-block-buttons is-layout-flex wp-block-buttons-is-layout-flex\">\n<div class=\"wp-block-button\"><a class=\"wp-block-button__link has-white-color has-primary-background-color has-text-color has-background wp-element-button\" href=\"http:\/\/advantaseeds.es\/wp-content\/uploads\/2025\/05\/Fichas_Advanta_Portugal_RUBI.pdf\" target=\"_blank\" rel=\"noreferrer noopener\">Folha de variedades<\/a><\/div>\n<\/div>\n<\/div>\n<\/div>\n<\/div>\n\n\n\n<div class=\"wp-block-column is-style-default is-layout-flow wp-block-column-is-layout-flow\" style=\"border-style:none;border-width:0px\">\n<figure class=\"wp-block-image size-full is-resized has-custom-border\"><img loading=\"lazy\" decoding=\"async\" width=\"740\" height=\"940\" src=\"http:\/\/advantaseeds.es\/wp-content\/uploads\/2023\/01\/SOFYA-1.jpg\" alt=\"\" class=\"wp-image-604\" style=\"border-radius:20px;width:1200px;height:auto\" srcset=\"https:\/\/advantaseeds.es\/wp-content\/uploads\/2023\/01\/SOFYA-1.jpg 740w, https:\/\/advantaseeds.es\/wp-content\/uploads\/2023\/01\/SOFYA-1-236x300.jpg 236w\" sizes=\"auto, (max-width: 740px) 100vw, 740px\" \/><\/figure>\n\n\n\n<div class=\"wp-block-columns is-layout-flex wp-container-core-columns-is-layout-28f84493 wp-block-columns-is-layout-flex\">\n<div class=\"wp-block-column is-style-shadow has-light-background-background-color has-background is-layout-flow wp-block-column-is-layout-flow\" style=\"border-style:none;border-width:0px;padding-top:30px;padding-right:30px;padding-bottom:30px;padding-left:30px\">\n<h2 class=\"wp-block-heading\">Sofya<\/h2>\n\n\n\n<h6 class=\"wp-block-heading\">FAO 600<\/h6>\n\n\n\n<p>O potencial que voc\u00ea precisa em um ciclo longo.<\/p>\n\n\n\n<div class=\"wp-block-buttons is-layout-flex wp-block-buttons-is-layout-flex\">\n<div class=\"wp-block-button\"><a class=\"wp-block-button__link has-white-color has-primary-background-color has-text-color has-background wp-element-button\" href=\"http:\/\/advantaseeds.es\/wp-content\/uploads\/2025\/05\/Fichas_Advanta_Portugal_SOFYA.pdf\" target=\"_blank\" rel=\"noreferrer noopener\">Folha de variedades<\/a><\/div>\n<\/div>\n<\/div>\n<\/div>\n<\/div>\n<\/div>\n\n\n\n<div class=\"wp-block-columns is-layout-flex wp-container-core-columns-is-layout-28f84493 wp-block-columns-is-layout-flex\"><\/div>\n<\/div>\n\n\n\n<div style=\"height:30px\" aria-hidden=\"true\" class=\"wp-block-spacer\"><\/div>\n<\/div>\n\n\n\n<div class=\"wp-block-group has-global-padding is-layout-constrained wp-block-group-is-layout-constrained\">\n<div class=\"wp-block-cover is-light is-style-round-corners\"><img loading=\"lazy\" decoding=\"async\" width=\"1920\" height=\"1280\" class=\"wp-block-cover__image-background wp-image-867\" alt=\"\" src=\"https:\/\/advantaseeds.es\/wp-content\/uploads\/2023\/01\/corn-gd49a313fc_1920-2.jpg\" data-object-fit=\"cover\" srcset=\"https:\/\/advantaseeds.es\/wp-content\/uploads\/2023\/01\/corn-gd49a313fc_1920-2.jpg 1920w, https:\/\/advantaseeds.es\/wp-content\/uploads\/2023\/01\/corn-gd49a313fc_1920-2-300x200.jpg 300w, https:\/\/advantaseeds.es\/wp-content\/uploads\/2023\/01\/corn-gd49a313fc_1920-2-1024x683.jpg 1024w, https:\/\/advantaseeds.es\/wp-content\/uploads\/2023\/01\/corn-gd49a313fc_1920-2-768x512.jpg 768w, https:\/\/advantaseeds.es\/wp-content\/uploads\/2023\/01\/corn-gd49a313fc_1920-2-1536x1024.jpg 1536w\" sizes=\"auto, (max-width: 1920px) 100vw, 1920px\" \/><span aria-hidden=\"true\" class=\"wp-block-cover__background has-secondary-background-color has-background-dim-30 has-background-dim\"><\/span><div class=\"wp-block-cover__inner-container is-layout-flow wp-block-cover-is-layout-flow\">\n<div class=\"wp-block-columns is-layout-flex wp-container-core-columns-is-layout-28f84493 wp-block-columns-is-layout-flex\">\n<div class=\"wp-block-column is-layout-flow wp-block-column-is-layout-flow\" style=\"flex-basis:66.66%\">\n<h2 class=\"wp-block-heading has-white-color has-text-color has-x-large-font-size\">CAMPANHA DO MILHO 2026<\/h2>\n\n\n\n<p class=\"has-white-color has-text-color has-medium-font-size\">Inclui seguro de ressementeira em todas as variedades.<br>Consulte as condi\u00e7\u00f5es com o seu distribuidor.<\/p>\n<\/div>\n\n\n\n<div class=\"wp-block-column is-layout-flow wp-block-column-is-layout-flow\" style=\"flex-basis:33.33%\">\n<div style=\"height:38px\" aria-hidden=\"true\" class=\"wp-block-spacer\"><\/div>\n\n\n\n<div class=\"wp-block-buttons is-content-justification-center is-layout-flex wp-container-core-buttons-is-layout-a89b3969 wp-block-buttons-is-layout-flex\">\n<div class=\"wp-block-button\"><a class=\"wp-block-button__link has-white-color has-primary-background-color has-text-color has-background wp-element-button\" href=\"https:\/\/advantaseeds.es\/wp-content\/uploads\/2026\/01\/Advanta-PT-Catalogo-MAIZ-2026-Web.pdf\" target=\"_blank\" rel=\"noreferrer noopener\">Baixar cat\u00e1logo<\/a><\/div>\n<\/div>\n<\/div>\n<\/div>\n<\/div><\/div>\n<\/div>\n","protected":false},"excerpt":{"rendered":"<p>Advanta\u00ae, um milho \u00fanico Advanta\u00ae, um milho pensado para o pecuarista. Abaixo apresentamos o cat\u00e1logo Advanta\u00ae 2026. Belgrano FAO 200 L\u00edder indiscut\u00edvel em qualidade no milho miudo. Adevey FAO 200 Milho gourmet para vacas exigentes. Clooney FAO 200 Precocidade, performance e rusticidade. Rosaleen FAO 200\/300 Apar\u00eancia, desempenho e qualidade, tudo em um. Invador FAO 300 [&hellip;]<\/p>\n","protected":false},"author":1,"featured_media":0,"parent":0,"menu_order":0,"comment_status":"closed","ping_status":"closed","template":"","meta":{"footnotes":""},"class_list":["post-1032","page","type-page","status-publish","hentry"],"_links":{"self":[{"href":"https:\/\/advantaseeds.es\/pt\/wp-json\/wp\/v2\/pages\/1032","targetHints":{"allow":["GET"]}}],"collection":[{"href":"https:\/\/advantaseeds.es\/pt\/wp-json\/wp\/v2\/pages"}],"about":[{"href":"https:\/\/advantaseeds.es\/pt\/wp-json\/wp\/v2\/types\/page"}],"author":[{"embeddable":true,"href":"https:\/\/advantaseeds.es\/pt\/wp-json\/wp\/v2\/users\/1"}],"replies":[{"embeddable":true,"href":"https:\/\/advantaseeds.es\/pt\/wp-json\/wp\/v2\/comments?post=1032"}],"version-history":[{"count":10,"href":"https:\/\/advantaseeds.es\/pt\/wp-json\/wp\/v2\/pages\/1032\/revisions"}],"predecessor-version":[{"id":1231,"href":"https:\/\/advantaseeds.es\/pt\/wp-json\/wp\/v2\/pages\/1032\/revisions\/1231"}],"wp:attachment":[{"href":"https:\/\/advantaseeds.es\/pt\/wp-json\/wp\/v2\/media?parent=1032"}],"curies":[{"name":"wp","href":"https:\/\/api.w.org\/{rel}","templated":true}]}}