{"id":1187,"date":"2023-01-13T07:42:00","date_gmt":"2023-01-13T07:42:00","guid":{"rendered":"https:\/\/advantaseeds.es\/politica-privacidad\/"},"modified":"2025-05-29T05:05:56","modified_gmt":"2025-05-29T05:05:56","slug":"politica-privacidad","status":"publish","type":"page","link":"https:\/\/advantaseeds.es\/pt\/politica-privacidad\/","title":{"rendered":"Pol\u00edtica de Privacidade"},"content":{"rendered":"\n<h2 class=\"wp-block-heading\"><\/h2>\n\n<p><strong>1. Processamento de dados pessoais<\/strong>\u00a0<\/p>\n\n<p>Em cumprimento do Regulamento (UE) 2016\/679 do Parlamento Europeu e do Conselho, de 27 de abril de 2016, relativo \u00e0 prote\u00e7\u00e3o das pessoas singulares no que respeita ao tratamento de dados pessoais e \u00e0 livre circula\u00e7\u00e3o desses dados e que revoga a Diretiva 95\/46\/CE (Regulamento Geral de Prote\u00e7\u00e3o de Dados), informamos que os dados pessoais e as informa\u00e7\u00f5es que nos forne\u00e7a atrav\u00e9s do preenchimento de qualquer formul\u00e1rio (os &#8220;Dados&#8221;) ser\u00e3o tratados pela LIMAGRAIN IB\u00c9RICA, S.A.<\/p>\n\n<p>A finalidade do tratamento destes dados \u00e9 processar os seus pedidos, por exemplo, para gerir reservas, subscrever boletins informativos e processar esses pedidos para fins comerciais e de marketing.<\/p>\n\n<p>Para processar as reservas, a Limagrain Ib\u00e9rica solicitar\u00e1 a sua confirma\u00e7\u00e3o, ou do distribuidor selecionado em cada caso, da compra efetuada. Sem esta verifica\u00e7\u00e3o, n\u00e3o podemos garantir a correta gest\u00e3o da sua reserva e descontos associados.<\/p>\n\n<p><strong>2. Dados pessoais que recolhemos<\/strong>\u00a0<\/p>\n\n<p>\u201cDados Pessoais\u201d ou \u201cInforma\u00e7\u00f5es Pessoais\u201d s\u00e3o informa\u00e7\u00f5es que o identificam como um indiv\u00edduo ou que se relacionam consigo como um indiv\u00edduo identific\u00e1vel.<\/p>\n\n<p>Recolhemos informa\u00e7\u00f5es de identifica\u00e7\u00e3o pessoal diretamente de si, quando nos fornece, e\/ou quando as recolhemos automaticamente.<\/p>\n\n<p>O tipo de dados que a Limagrain Ib\u00e9rica recolhe no seu s\u00edtio web quando nos contacta ou quando subscreve a plataforma eletr\u00f3nica para participar em ofertas comerciais espec\u00edficas s\u00e3o os seguintes:<\/p>\n\n<p>dados de identifica\u00e7\u00e3o pessoal: nome, apelido, nacionalidade, NIF, \u2026;<\/p>\n\n<p>Informa\u00e7\u00f5es de contacto (endere\u00e7o, pa\u00eds de resid\u00eancia, e-mail, n\u00famero de telefone, nome de utilizador, palavra-passe, etc.)<\/p>\n\n<p>Os dados de liga\u00e7\u00e3o que recolhemos automaticamente sobre o seu equipamento, a\u00e7\u00f5es de navega\u00e7\u00e3o e padr\u00f5es autom\u00e1ticos enquanto navega no Site (detalhes da sua visita ao Site, endere\u00e7o IP, tipo de browser, sistema operativo, etc.)<\/p>\n\n<p>Dados comerciais: informa\u00e7\u00e3o sobre quantidades reservadas, tratamento, culturas utilizadas, etc.<\/p>\n\n<p><strong>BASE LEGAL<\/strong>\u00a0<\/p>\n\n<p>Precisamos de recolher dados pessoais para fornecer os servi\u00e7os e produtos solicitados. Se n\u00e3o fornecer as informa\u00e7\u00f5es solicitadas, poderemos n\u00e3o conseguir prestar os servi\u00e7os. Se divulgar quaisquer dados pessoais relacionados a outras pessoas a n\u00f3s ou aos nossos prestadores de servi\u00e7os em rela\u00e7\u00e3o aos mesmos, declara que tem autoridade para o fazer e que nos permite utilizar as informa\u00e7\u00f5es de acordo com este Aviso de Privacidade.<\/p>\n\n<p>Em rela\u00e7\u00e3o aos dados pessoais que nos fornece, a Limagrain utiliza o seu interesse leg\u00edtimo como base legal para os processar. Estas informa\u00e7\u00f5es s\u00e3o utilizadas para nos permitir responder ou acompanhar os seus coment\u00e1rios, perguntas ou d\u00favidas. A Limagrain tamb\u00e9m utiliza dados pessoais para executar um contrato (oferta comercial) do qual \u00e9 parte, ou para tomar medidas a seu pedido antes de celebrar um contrato e o seu interesse leg\u00edtimo em fornecer servi\u00e7os e produtos. Da mesma forma, de acordo com o disposto no artigo 21.\u00ba da Lei Espanhola de Utiliza\u00e7\u00e3o de Dados Pessoais (LSSI), a Limagrain solicita o seu consentimento para lhe enviar comunica\u00e7\u00f5es comerciais ou de marketing por qualquer meio, incluindo e-mail ou meio de comunica\u00e7\u00e3o equivalente.<\/p>\n\n<p>N\u00e3o utilizaremos os seus dados pessoais para tomar decis\u00f5es automatizadas que afetem ou criem perfis diferentes dos descritos acima. <\/p>\n\n<p><strong>3. Comunica\u00e7\u00e3o de dados a terceiros<\/strong>\u00a0<\/p>\n\n<p>Os seus dados pessoais podem ser divulgados:<\/p>\n\n<p>Dentro do Grupo de Empresas Limagrain para os fins descritos nesta Declara\u00e7\u00e3o de Privacidade.<\/p>\n\n<p>Aos prestadores de servi\u00e7os externos da Limagrain. Estes terceiros fornecem servi\u00e7os como alojamento de websites, an\u00e1lise de dados, processamento de pagamentos, processamento de encomendas, distribui\u00e7\u00e3o de produtos, fornecimento de infraestruturas, servi\u00e7os de TI, apoio ao cliente, servi\u00e7os de entrega de e-mail, processamento de cart\u00f5es de cr\u00e9dito, servi\u00e7os de auditoria e outros servi\u00e7os semelhantes para lhes permitir prestar servi\u00e7os.<br\/><\/p>\n\n<p>A terceiros, como agentes, retalhistas e distribuidores, para facilitar a venda e distribui\u00e7\u00e3o dos produtos e servi\u00e7os da Limagrain, o que pode incluir comunica\u00e7\u00f5es de marketing relacionadas com as suas escolhas.<br\/><\/p>\n\n<p>A um terceiro que lhe possa oferecer cr\u00e9dito\/garantia relacionada com produtos ou servi\u00e7os oferecidos pela Limagrain.<br\/><\/p>\n\n<p>A terceiros no caso de qualquer reorganiza\u00e7\u00e3o, fus\u00e3o, venda, joint venture, cess\u00e3o, transfer\u00eancia ou outra aliena\u00e7\u00e3o de todo ou qualquer parte dos neg\u00f3cios, ativos ou a\u00e7\u00f5es da Limagrain, incluindo em rela\u00e7\u00e3o a qualquer fal\u00eancia ou processo semelhante.<br\/><\/p>\n\n<p>Poderemos tamb\u00e9m divulgar informa\u00e7\u00f5es pessoais a terceiros quando considerarmos que tal \u00e9 necess\u00e1rio ou apropriado: (a) para cumprir a lei aplic\u00e1vel, incluindo leis fora do seu pa\u00eds de resid\u00eancia; (b) a pedido das autoridades judiciais ou para a propositura\/defesa de a\u00e7\u00f5es judiciais; (c) responder a pedidos de autoridades p\u00fablicas e governamentais, incluindo os que se encontram fora do seu pa\u00eds de resid\u00eancia; (d) proteger as opera\u00e7\u00f5es da Limagrain; (e) para proteger os direitos, a privacidade, a seguran\u00e7a ou a propriedade da Limagrain, sua ou de terceiros; e (f) permitir que a Limagrain procure as solu\u00e7\u00f5es dispon\u00edveis ou limitar quaisquer danos que possamos sofrer.<br\/><\/p>\n\n<p>N\u00e3o comercializamos qualquer informa\u00e7\u00e3o pessoal de partes interessadas.<br\/><\/p>\n\n<p>A Limagrain \u00e9 um grupo internacional e pode transferir os seus dados pessoais dentro do Grupo.<br\/><\/p>\n\n<p>Assim, a Limagrain compromete-se a realizar estas transfer\u00eancias com as devidas salvaguardas, conforme estabelecido no artigo 46.\u00ba do Regulamento de Prote\u00e7\u00e3o de Dados 2016\/679.<br\/><\/p>\n\n<p><strong>4. Comunica\u00e7\u00f5es comerciais<\/strong>\u00a0<\/p>\n\n<p>Nos formul\u00e1rios de recolha de dados foi solicitado o seu consentimento expresso para lhe podermos enviar comunica\u00e7\u00f5es comerciais por qualquer meio, incluindo e-mail ou meios de comunica\u00e7\u00e3o equivalentes como o WhatsApp, de acordo com o disposto no artigo 21.\u00ba da Lei Espanhola de Utiliza\u00e7\u00e3o de Dados Pessoais (LSSI).<br\/><\/p>\n\n<p><strong>5.\u00ba Per\u00edodo de conserva\u00e7\u00e3o<\/strong>\u00a0<\/p>\n\n<p>A Limagrain conservar\u00e1 os seus dados at\u00e9 que exer\u00e7a o seu direito de elimina\u00e7\u00e3o ou as obriga\u00e7\u00f5es legais relativas aos mesmos expirem.<br\/><\/p>\n\n<p>A Limagrain conservar\u00e1 as suas informa\u00e7\u00f5es de &#8220;Contacto&#8221; durante o tempo que for necess\u00e1rio para resolver o problema relacionado com esta comunica\u00e7\u00e3o.<br\/><\/p>\n\n<p>A Limagrain conservar\u00e1 os dados relativos \u00e0 oferta comercial durante toda a dura\u00e7\u00e3o do contrato e, posteriormente, durante os prazos de prescri\u00e7\u00e3o fiscal e civil.<br\/><\/p>\n\n<p>Para determinar o per\u00edodo de conserva\u00e7\u00e3o adequado para os dados pessoais, consideramos a quantidade, a natureza e a sensibilidade dos seus dados pessoais, o risco potencial de danos decorrentes da utiliza\u00e7\u00e3o ou divulga\u00e7\u00e3o n\u00e3o autorizada dos seus dados pessoais, as finalidades para as quais tratamos os seus dados pessoais, se temos uma obriga\u00e7\u00e3o legal de o fazer (por exemplo, determinadas leis exigem que mantenhamos registos das suas transa\u00e7\u00f5es durante um determinado per\u00edodo antes de as podermos eliminar) e se podemos atingir essas finalidades por outros meios, para al\u00e9m dos requisitos legais aplic\u00e1veis.<br\/><\/p>\n\n<p>Se desejar mais informa\u00e7\u00f5es sobre os nossos per\u00edodos espec\u00edficos de conserva\u00e7\u00e3o para os seus dados pessoais, contacte-nos atrav\u00e9s do endere\u00e7o acima mencionado.<br\/><\/p>\n\n<p><strong>6. Medidas de seguran\u00e7a<\/strong>\u00a0<\/p>\n\n<p>A LIMAGRAIN IB\u00c9RICA, S.A., adota os n\u00edveis de seguran\u00e7a exigidos pelo Regulamento (UE) 2016\/679 do Parlamento Europeu e do Conselho, de 27 de abril de 2016, relativo \u00e0 prote\u00e7\u00e3o das pessoas singulares no que respeita ao tratamento de dados pessoais e \u00e0 livre circula\u00e7\u00e3o desses dados e que revoga a Diretiva 95\/46\/CE (Regulamento Geral sobre a Prote\u00e7\u00e3o de Dados), adequados \u00e0 natureza dos dados objeto de tratamento em cada momento. No entanto, a seguran\u00e7a t\u00e9cnica num meio como a Internet n\u00e3o pode ser totalmente garantida, uma vez que podem ocorrer a\u00e7\u00f5es maliciosas de terceiros, ainda que a LIMAGRAIN IB\u00c9RICA, S.A. utilize todos os meios dispon\u00edveis para impedir tais a\u00e7\u00f5es.<br\/><\/p>\n\n<p><strong>7. Pol\u00edtica de Cookies<\/strong>\u00a0<\/p>\n\n<p>Em cumprimento do disposto no artigo 22.2 da LSSI, a LIMAGRAIN IB\u00c9RICA, S.A., apenas utiliza dispositivos de armazenamento e recupera\u00e7\u00e3o de dados (\u2018Cookies\u2019) quando o utilizador tenha dado o seu consentimento pr\u00e9vio para tal, de acordo com o indicado na janela pop-up do navegador do utilizador e nos restantes termos e condi\u00e7\u00f5es indicados na Pol\u00edtica de Cookies da LIMAGRAIN IB\u00c9RICA, S.A., que todos os utilizadores devem conhecer.<br\/><\/p>\n\n<p><strong>8.\u00ba Direitos dos cidad\u00e3os<\/strong>\u00a0<\/p>\n\n<p>O Utilizador poder\u00e1 exercer os seus direitos de Acesso, Retifica\u00e7\u00e3o, Cancelamento, Limita\u00e7\u00e3o, Portabilidade e Oposi\u00e7\u00e3o nos termos legalmente previstos, enviando uma comunica\u00e7\u00e3o por correio para o Departamento de Seguran\u00e7a QHSE &amp; RSC de Limagrain, Carretera Pamplona-Huesca km.12, 31470, Elorz (Navarra), indicando em ambos os casos o seu nome, apelido e c\u00f3pia do seu documento de identidade. Se desejar cancelar a subscri\u00e7\u00e3o do canal WhatsApp, pode solicit\u00e1-lo enviando UNSUBSCRIBE para o 648 458 944.<br\/><\/p>\n\n<p>Tamb\u00e9m o informamos sobre o seu direito de apresentar uma reclama\u00e7\u00e3o junto da autoridade de supervis\u00e3o competente.<br\/><\/p>\n\n<p>O presente consentimento poder\u00e1 ser revogado a todo o tempo, mediante comunica\u00e7\u00e3o escrita para a morada acima indicada, utilizando qualquer meio que permita comprovar a rece\u00e7\u00e3o. A este respeito, informamos que tal revoga\u00e7\u00e3o n\u00e3o afetar\u00e1 a validade e\/ou legalidade do tratamento e\/ou transfer\u00eancia efetuados antes da retirada do seu consentimento.<br\/><\/p>\n\n<p><strong>9. Legisla\u00e7\u00e3o<\/strong>\u00a0<\/p>\n\n<p>A presente Pol\u00edtica de Privacidade rege-se em todos e cada um dos seus aspetos pelo Regulamento (UE) 2016\/679 do Parlamento Europeu e do Conselho, de 27 de abril de 2016, relativo \u00e0 prote\u00e7\u00e3o das pessoas singulares no que diz respeito ao tratamento de dados pessoais e \u00e0 livre circula\u00e7\u00e3o destes dados e que revoga a Diretiva 95\/46\/CE (Regulamento Geral de Prote\u00e7\u00e3o de Dados) e pela Lei Org\u00e2nica 3\/2018, de 5 de dezembro, de Prote\u00e7\u00e3o de Dados Pessoais e garantia dos direitos digitais (LOPD-GDD).<br\/><\/p>\n\n<p>\u00daltima atualiza\u00e7\u00e3o: junho de 2021<\/p>\n","protected":false},"excerpt":{"rendered":"<p>1. Processamento de dados pessoais\u00a0 Em cumprimento do Regulamento (UE) 2016\/679 do Parlamento Europeu e do Conselho, de 27 de abril de 2016, relativo \u00e0 prote\u00e7\u00e3o das pessoas singulares no que respeita ao tratamento de dados pessoais e \u00e0 livre circula\u00e7\u00e3o desses dados e que revoga a Diretiva 95\/46\/CE (Regulamento Geral de Prote\u00e7\u00e3o de Dados), [&hellip;]<\/p>\n","protected":false},"author":1,"featured_media":0,"parent":0,"menu_order":0,"comment_status":"closed","ping_status":"open","template":"wp-custom-template-p-ginas-pt","meta":{"footnotes":""},"class_list":["post-1187","page","type-page","status-publish","hentry"],"_links":{"self":[{"href":"https:\/\/advantaseeds.es\/pt\/wp-json\/wp\/v2\/pages\/1187","targetHints":{"allow":["GET"]}}],"collection":[{"href":"https:\/\/advantaseeds.es\/pt\/wp-json\/wp\/v2\/pages"}],"about":[{"href":"https:\/\/advantaseeds.es\/pt\/wp-json\/wp\/v2\/types\/page"}],"author":[{"embeddable":true,"href":"https:\/\/advantaseeds.es\/pt\/wp-json\/wp\/v2\/users\/1"}],"replies":[{"embeddable":true,"href":"https:\/\/advantaseeds.es\/pt\/wp-json\/wp\/v2\/comments?post=1187"}],"version-history":[{"count":2,"href":"https:\/\/advantaseeds.es\/pt\/wp-json\/wp\/v2\/pages\/1187\/revisions"}],"predecessor-version":[{"id":1189,"href":"https:\/\/advantaseeds.es\/pt\/wp-json\/wp\/v2\/pages\/1187\/revisions\/1189"}],"wp:attachment":[{"href":"https:\/\/advantaseeds.es\/pt\/wp-json\/wp\/v2\/media?parent=1187"}],"curies":[{"name":"wp","href":"https:\/\/api.w.org\/{rel}","templated":true}]}}